{"id":2,"date":"2024-02-21T08:00:22","date_gmt":"2024-02-21T07:00:22","guid":{"rendered":"http:\/\/alternatifpsy.fr\/?page_id=2"},"modified":"2025-02-09T14:12:42","modified_gmt":"2025-02-09T13:12:42","slug":"page-d-exemple","status":"publish","type":"page","link":"https:\/\/alternatifpsy.fr\/index.php\/page-d-exemple\/","title":{"rendered":"Comment me joindre ?"},"content":{"rendered":"\n<p><\/p>\n\n\n\n<blockquote class=\"wp-block-quote is-layout-flow wp-block-quote-is-layout-flow\">\n<p>Mettre un mot dans la bo\u00eete au lettre du Cabinet au :<\/p>\n\n\n\n<p>31 Mont\u00e9e des Chartreux<\/p>\n\n\n\n<p>69001 Lyon<\/p>\n\n\n\n<p>adresse mail : pas encore fournit<\/p>\n\n\n\n<p>T\u00e9l\u00e9phone : 07 71 89 22 45 + SMS possible<\/p>\n<\/blockquote>\n\n\n\n<p><\/p>\n\n\n\n<p><\/p>\n","protected":false},"excerpt":{"rendered":"<p>Mettre un mot dans la bo\u00eete au lettre du Cabinet au : 31 Mont\u00e9e des Chartreux 69001 Lyon adresse mail : pas encore fournit T\u00e9l\u00e9phone : 07 71 89 22 45 + SMS possible<\/p>\n","protected":false},"author":1,"featured_media":0,"parent":0,"menu_order":0,"comment_status":"closed","ping_status":"open","template":"","meta":{"om_disable_all_campaigns":false,"_monsterinsights_skip_tracking":false,"_monsterinsights_sitenote_active":false,"_monsterinsights_sitenote_note":"","_monsterinsights_sitenote_category":0,"footnotes":""},"class_list":["post-2","page","type-page","status-publish","hentry"],"aioseo_notices":[],"_links":{"self":[{"href":"https:\/\/alternatifpsy.fr\/index.php\/wp-json\/wp\/v2\/pages\/2","targetHints":{"allow":["GET"]}}],"collection":[{"href":"https:\/\/alternatifpsy.fr\/index.php\/wp-json\/wp\/v2\/pages"}],"about":[{"href":"https:\/\/alternatifpsy.fr\/index.php\/wp-json\/wp\/v2\/types\/page"}],"author":[{"embeddable":true,"href":"https:\/\/alternatifpsy.fr\/index.php\/wp-json\/wp\/v2\/users\/1"}],"replies":[{"embeddable":true,"href":"https:\/\/alternatifpsy.fr\/index.php\/wp-json\/wp\/v2\/comments?post=2"}],"version-history":[{"count":4,"href":"https:\/\/alternatifpsy.fr\/index.php\/wp-json\/wp\/v2\/pages\/2\/revisions"}],"predecessor-version":[{"id":52,"href":"https:\/\/alternatifpsy.fr\/index.php\/wp-json\/wp\/v2\/pages\/2\/revisions\/52"}],"wp:attachment":[{"href":"https:\/\/alternatifpsy.fr\/index.php\/wp-json\/wp\/v2\/media?parent=2"}],"curies":[{"name":"wp","href":"https:\/\/api.w.org\/{rel}","templated":true}]}}